   

{"id":1713,"date":"2021-09-16T22:15:33","date_gmt":"2021-09-17T01:15:33","guid":{"rendered":"https:\/\/revistavocemais.com.br\/?page_id=1713"},"modified":"2021-09-17T13:55:32","modified_gmt":"2021-09-17T16:55:32","slug":"voceemfoco","status":"publish","type":"page","link":"https:\/\/revistavocemais.com.br\/index.php\/voceemfoco\/","title":{"rendered":""},"content":{"rendered":"\n<figure class=\"wp-block-image size-full\"><img loading=\"lazy\" decoding=\"async\" width=\"1022\" height=\"177\" src=\"https:\/\/revistavocemais.com.br\/wp-content\/uploads\/2021\/09\/BannerEmFoco.png\" alt=\"\" class=\"wp-image-1714\" srcset=\"https:\/\/revistavocemais.com.br\/wp-content\/uploads\/2021\/09\/BannerEmFoco.png 1022w, https:\/\/revistavocemais.com.br\/wp-content\/uploads\/2021\/09\/BannerEmFoco-300x52.png 300w, https:\/\/revistavocemais.com.br\/wp-content\/uploads\/2021\/09\/BannerEmFoco-768x133.png 768w\" sizes=\"auto, (max-width: 1022px) 100vw, 1022px\" \/><\/figure>\n\n\n\n<div class=\"wp-block-columns is-layout-flex wp-container-core-columns-is-layout-9d6595d7 wp-block-columns-is-layout-flex\">\n<div class=\"wp-block-column is-layout-flow wp-block-column-is-layout-flow\">\n<p class=\"has-text-align-right\" style=\"font-size:12px\">  <img loading=\"lazy\" decoding=\"async\" width=\"18\" height=\"18\" class=\"wp-image-1717\" style=\"width: 18px;\" src=\"https:\/\/revistavocemais.com.br\/wp-content\/uploads\/2021\/09\/microcalendar.png\" alt=\"\"><strong> 17\/09\/2021<\/strong>  <\/p>\n\n\n\n<figure class=\"wp-block-image size-large\"><img loading=\"lazy\" decoding=\"async\" width=\"1024\" height=\"912\" src=\"https:\/\/revistavocemais.com.br\/wp-content\/uploads\/2021\/09\/JabobAlmoco-1024x912.png\" alt=\"\" class=\"wp-image-1849\" srcset=\"https:\/\/revistavocemais.com.br\/wp-content\/uploads\/2021\/09\/JabobAlmoco-1024x912.png 1024w, https:\/\/revistavocemais.com.br\/wp-content\/uploads\/2021\/09\/JabobAlmoco-300x267.png 300w, https:\/\/revistavocemais.com.br\/wp-content\/uploads\/2021\/09\/JabobAlmoco-768x684.png 768w, https:\/\/revistavocemais.com.br\/wp-content\/uploads\/2021\/09\/JabobAlmoco.png 1311w\" sizes=\"auto, (max-width: 1024px) 100vw, 1024px\" \/><figcaption>O QUE \u00c9 BOM SEMPRE VOLTA !<br>O tradicional encontro de empres\u00e1rios no Jaragu\u00e1 T\u00eanis Clube retorna ap\u00f3s quase dois anos<br>Prestigie !<\/figcaption><\/figure>\n<\/div>\n\n\n\n<div class=\"wp-block-column is-layout-flow wp-block-column-is-layout-flow\"><\/div>\n<\/div>\n\n\n\n<div class=\"wp-block-columns is-layout-flex wp-container-core-columns-is-layout-9d6595d7 wp-block-columns-is-layout-flex\">\n<div class=\"wp-block-column is-layout-flow wp-block-column-is-layout-flow\">\n<p class=\"has-text-align-right\" style=\"font-size:12px\"> <img loading=\"lazy\" decoding=\"async\" width=\"18\" height=\"18\" class=\"wp-image-1717\" style=\"width: 18px;\" src=\"https:\/\/revistavocemais.com.br\/wp-content\/uploads\/2021\/09\/microcalendar.png\" alt=\"\"><strong> 16\/09\/2021<\/strong> <\/p>\n\n\n\n<figure class=\"wp-block-image size-large\"><img loading=\"lazy\" decoding=\"async\" width=\"1024\" height=\"912\" src=\"https:\/\/revistavocemais.com.br\/wp-content\/uploads\/2021\/09\/EventoMara2-1024x912.png\" alt=\"\" class=\"wp-image-1749\" srcset=\"https:\/\/revistavocemais.com.br\/wp-content\/uploads\/2021\/09\/EventoMara2-1024x912.png 1024w, https:\/\/revistavocemais.com.br\/wp-content\/uploads\/2021\/09\/EventoMara2-300x267.png 300w, https:\/\/revistavocemais.com.br\/wp-content\/uploads\/2021\/09\/EventoMara2-768x684.png 768w, https:\/\/revistavocemais.com.br\/wp-content\/uploads\/2021\/09\/EventoMara2.png 1311w\" sizes=\"auto, (max-width: 1024px) 100vw, 1024px\" \/><figcaption>&#8220;Conhe\u00e7a, agende, compare\u00e7a a essa iniciativa que j\u00e1 se tornou refer\u00eancia em Cachoeiro e que proporciona bem estar a muitos que precisam. Senhoras de Cachoeiro unidas em favor da solidariedade humana.&#8221;<\/figcaption><\/figure>\n<\/div>\n\n\n\n<div class=\"wp-block-column is-layout-flow wp-block-column-is-layout-flow\">\n<p class=\"has-text-align-right\" style=\"font-size:12px\"><img loading=\"lazy\" decoding=\"async\" width=\"18\" height=\"18\" class=\"wp-image-1717\" style=\"width: 18px;\" src=\"https:\/\/revistavocemais.com.br\/wp-content\/uploads\/2021\/09\/microcalendar.png\" alt=\"\"><strong> 14\/09\/2021<\/strong><\/p>\n\n\n\n<figure class=\"wp-block-image size-large\"><img loading=\"lazy\" decoding=\"async\" width=\"1024\" height=\"912\" src=\"https:\/\/revistavocemais.com.br\/wp-content\/uploads\/2021\/09\/NetaRubemMoreira-2-1024x912.png\" alt=\"\" class=\"wp-image-1747\" srcset=\"https:\/\/revistavocemais.com.br\/wp-content\/uploads\/2021\/09\/NetaRubemMoreira-2-1024x912.png 1024w, https:\/\/revistavocemais.com.br\/wp-content\/uploads\/2021\/09\/NetaRubemMoreira-2-300x267.png 300w, https:\/\/revistavocemais.com.br\/wp-content\/uploads\/2021\/09\/NetaRubemMoreira-2-768x684.png 768w, https:\/\/revistavocemais.com.br\/wp-content\/uploads\/2021\/09\/NetaRubemMoreira-2.png 1311w\" sizes=\"auto, (max-width: 1024px) 100vw, 1024px\" \/><figcaption>Rubens Moreira dedica regime de tempo especial\u00edssimo para ser todo mimo com a sua pequerrucha Alicia. Ele d\u00e1 demonstra\u00e7\u00e3o de sabedoria, ao praticar aquela m\u00e1xima de Confucio: &#8220;Eu sigo os decretos do Universo&#8221;. Mas ela n\u00e3o \u00e9 mesmo um presente de Deus?!     <\/figcaption><\/figure>\n<\/div>\n<\/div>\n<div class='watch-action'><div class='watch-position align-left'><div class='action-like'><a class='lbg-style1 like-1713 jlk' href='javascript:void(0)' data-task='like' data-post_id='1713' data-nonce='60ba9dd616' rel='nofollow'><img class='wti-pixel' src='https:\/\/revistavocemais.com.br\/wp-content\/plugins\/wti-like-post\/images\/pixel.gif' title='Like' \/><span class='lc-1713 lc'>0<\/span><\/a><\/div><\/div> <div class='status-1713 status align-left'><\/div><\/div><div class='wti-clear'><\/div>","protected":false},"excerpt":{"rendered":"<p>17\/09\/2021 16\/09\/2021 14\/09\/2021 0<\/p>\n","protected":false},"author":1,"featured_media":0,"parent":0,"menu_order":0,"comment_status":"closed","ping_status":"closed","template":"","meta":{"_monsterinsights_skip_tracking":false,"_monsterinsights_sitenote_active":false,"_monsterinsights_sitenote_note":"","_monsterinsights_sitenote_category":0,"footnotes":""},"class_list":["post-1713","page","type-page","status-publish","hentry"],"_links":{"self":[{"href":"https:\/\/revistavocemais.com.br\/index.php\/wp-json\/wp\/v2\/pages\/1713","targetHints":{"allow":["GET"]}}],"collection":[{"href":"https:\/\/revistavocemais.com.br\/index.php\/wp-json\/wp\/v2\/pages"}],"about":[{"href":"https:\/\/revistavocemais.com.br\/index.php\/wp-json\/wp\/v2\/types\/page"}],"author":[{"embeddable":true,"href":"https:\/\/revistavocemais.com.br\/index.php\/wp-json\/wp\/v2\/users\/1"}],"replies":[{"embeddable":true,"href":"https:\/\/revistavocemais.com.br\/index.php\/wp-json\/wp\/v2\/comments?post=1713"}],"version-history":[{"count":10,"href":"https:\/\/revistavocemais.com.br\/index.php\/wp-json\/wp\/v2\/pages\/1713\/revisions"}],"predecessor-version":[{"id":1853,"href":"https:\/\/revistavocemais.com.br\/index.php\/wp-json\/wp\/v2\/pages\/1713\/revisions\/1853"}],"wp:attachment":[{"href":"https:\/\/revistavocemais.com.br\/index.php\/wp-json\/wp\/v2\/media?parent=1713"}],"curies":[{"name":"wp","href":"https:\/\/api.w.org\/{rel}","templated":true}]}}